{"id":25,"date":"2026-01-13T20:27:57","date_gmt":"2026-01-13T20:27:57","guid":{"rendered":"https:\/\/edv-simon.de\/ueber\/"},"modified":"2026-01-15T21:54:09","modified_gmt":"2026-01-15T21:54:09","slug":"ueber","status":"publish","type":"page","link":"https:\/\/edv-simon.de\/en\/ueber\/","title":{"rendered":"About"},"content":{"rendered":"<div class=\"wp-block-group alignfull is-style-ext-preset--group--natural-1--section has-background-background-color has-background has-global-padding is-layout-constrained wp-container-core-group-is-layout-6714b1d7 wp-block-group-is-layout-constrained\" id=\"ueber-uns\" style=\"margin-top:0;margin-bottom:0;padding-top:var(--wp--preset--spacing--70);padding-bottom:var(--wp--preset--spacing--70)\">\n<div class=\"wp-block-group alignwide is-vertical is-content-justification-center is-layout-flex wp-container-core-group-is-layout-c9ee0c5a wp-block-group-is-layout-flex\">\n<div class=\"wp-block-group has-global-padding is-layout-constrained wp-container-core-group-is-layout-2287c683 wp-block-group-is-layout-constrained\">\n<h3 class=\"wp-block-heading alignwide has-text-align-center\">Ma\u00dfgeschneiderte IT- Beratung mit Erfahrung<\/h3>\n\n\n\n<p class=\"has-text-align-center\">EDV-SIMON setzt seit \u00fcber 35 Jahren auf individuelle IT-L\u00f6sungen, die Effizienz steigern und Sicherheit gew\u00e4hrleisten. Unsere Vision ist es, Unternehmen durch innovative Technik, perfekte Prozesse und umfassendes Projekt Management nachhaltig zu unterst\u00fctzen.<\/p>\n<\/div>\n<\/div>\n\n\n\n<div class=\"wp-block-columns alignwide is-layout-flex wp-container-core-columns-is-layout-28f84493 wp-block-columns-is-layout-flex\">\n<div class=\"wp-block-column is-layout-flow wp-block-column-is-layout-flow\">\n<figure class=\"wp-block-image aligncenter size-full is-resized\"><img loading=\"lazy\" decoding=\"async\" width=\"512\" height=\"269\" src=\"https:\/\/edv-simon.de\/wp-content\/uploads\/2026\/01\/unnamed.jpg\" alt=\"\" class=\"wp-image-173\" style=\"width:656px;height:auto\" srcset=\"https:\/\/edv-simon.de\/wp-content\/uploads\/2026\/01\/unnamed.jpg 512w, https:\/\/edv-simon.de\/wp-content\/uploads\/2026\/01\/unnamed-300x158.jpg 300w, https:\/\/edv-simon.de\/wp-content\/uploads\/2026\/01\/unnamed-18x9.jpg 18w\" sizes=\"auto, (max-width: 512px) 100vw, 512px\" \/><\/figure>\n<\/div>\n<\/div>\n<\/div>\n\n\n\n<div class=\"wp-block-group alignfull is-style-ext-preset--group--natural-1--section has-tertiary-background-color has-background has-global-padding is-layout-constrained wp-container-core-group-is-layout-e955bbaf wp-block-group-is-layout-constrained\" style=\"margin-top:0;margin-bottom:0;padding-top:var(--wp--preset--spacing--70);padding-bottom:var(--wp--preset--spacing--70)\">\n<div class=\"wp-block-group alignwide is-vertical is-layout-flex wp-container-core-group-is-layout-c35747d5 wp-block-group-is-layout-flex\">\n<div class=\"wp-block-group has-global-padding is-layout-constrained wp-container-core-group-is-layout-5e05634a wp-block-group-is-layout-constrained\">\n<h3 class=\"wp-block-heading alignwide\">Ihr erfahrener IT-Systemberater<\/h3>\n\n\n\n<p class=\"has-text-align-left\">Hier pr\u00e4sentieren wir relevante Daten, die unsere langj\u00e4hrige Expertise und erfolgreiche IT-Projekte verdeutlichen.<\/p>\n<\/div>\n<\/div>\n\n\n\n<div class=\"wp-block-columns alignwide is-layout-flex wp-container-core-columns-is-layout-174606dc wp-block-columns-is-layout-flex\">\n<div class=\"wp-block-column is-vertically-aligned-stretch is-layout-flow wp-container-core-column-is-layout-119bc444 wp-block-column-is-layout-flow\">\n<div class=\"wp-block-cover is-style-ext-preset--image--natural-1--image-1--content-bottom is-style-ext-preset--image--natural-1--image-1--content-bottom--3\" style=\"padding-top:0;padding-bottom:0;min-height:100%;aspect-ratio:unset;\"><img loading=\"lazy\" decoding=\"async\" width=\"1440\" height=\"961\" class=\"wp-block-cover__image-background wp-image-62\" alt=\"\" src=\"https:\/\/edv-simon.de\/wp-content\/uploads\/2026\/01\/ccbdfc0d7c676be9972b4cb8a0990f6b2c387e80.jpg\" data-object-fit=\"cover\" srcset=\"https:\/\/edv-simon.de\/wp-content\/uploads\/2026\/01\/ccbdfc0d7c676be9972b4cb8a0990f6b2c387e80.jpg 1440w, https:\/\/edv-simon.de\/wp-content\/uploads\/2026\/01\/ccbdfc0d7c676be9972b4cb8a0990f6b2c387e80-300x200.jpg 300w, https:\/\/edv-simon.de\/wp-content\/uploads\/2026\/01\/ccbdfc0d7c676be9972b4cb8a0990f6b2c387e80-1024x683.jpg 1024w, https:\/\/edv-simon.de\/wp-content\/uploads\/2026\/01\/ccbdfc0d7c676be9972b4cb8a0990f6b2c387e80-768x513.jpg 768w, https:\/\/edv-simon.de\/wp-content\/uploads\/2026\/01\/ccbdfc0d7c676be9972b4cb8a0990f6b2c387e80-18x12.jpg 18w\" sizes=\"auto, (max-width: 1440px) 100vw, 1440px\" \/><span aria-hidden=\"true\" class=\"wp-block-cover__background has-background-dim-0 has-background-dim\"><\/span><div class=\"wp-block-cover__inner-container is-layout-flow wp-block-cover-is-layout-flow\">\n<div style=\"height:240px\" aria-hidden=\"true\" class=\"wp-block-spacer\"><\/div>\n<\/div><\/div>\n<\/div>\n\n\n\n<div class=\"wp-block-column is-vertically-aligned-center is-layout-flow wp-block-column-is-layout-flow\">\n<div class=\"wp-block-columns is-layout-flex wp-container-core-columns-is-layout-87beb0d0 wp-block-columns-is-layout-flex\">\n<div class=\"wp-block-column is-vertically-aligned-stretch is-layout-flow wp-block-column-is-layout-flow\">\n<div class=\"wp-block-group is-style-ext-preset--group--natural-1--item-card-1--align-start has-global-padding is-layout-constrained wp-block-group-is-layout-constrained is-style-ext-preset--group--natural-1--item-card-1--align-start--4\">\n<div class=\"wp-block-group is-style-default has-global-padding is-layout-constrained wp-block-group-is-layout-constrained\">\n<h3 class=\"wp-block-heading has-primary-color has-text-color has-link-color has-x-large-font-size wp-elements-8bc8121d28ad07446c995a108ba441e2\">35<\/h3>\n\n\n\n<h3 class=\"wp-block-heading\">Jahre Erfahrung<\/h3>\n\n\n\n<p>\u00dcber 35 Jahre bieten wir kompetente Beratung und ma\u00dfgeschneiderte IT-L\u00f6sungen f\u00fcr Unternehmen.<\/p>\n<\/div>\n<\/div>\n<\/div>\n\n\n\n<div class=\"wp-block-column is-vertically-aligned-stretch is-layout-flow wp-block-column-is-layout-flow\">\n<div class=\"wp-block-group is-style-ext-preset--group--natural-1--item-card-1--align-start has-global-padding is-layout-constrained wp-block-group-is-layout-constrained is-style-ext-preset--group--natural-1--item-card-1--align-start--5\">\n<div class=\"wp-block-group is-style-default has-global-padding is-layout-constrained wp-block-group-is-layout-constrained\">\n<h3 class=\"wp-block-heading has-primary-color has-text-color has-link-color has-x-large-font-size wp-elements-aafd7fd13028725074c21f525f373d91\">25<\/h3>\n\n\n\n<h3 class=\"wp-block-heading\">Zertifizierungen<\/h3>\n\n\n\n<p>Als zertifizierter Partner zahlreicher Hersteller unterst\u00fctzen wir Sie bei der Optimierung Ihrer IT-Infrastruktur.<\/p>\n<\/div>\n<\/div>\n<\/div>\n<\/div>\n\n\n\n<div class=\"wp-block-columns is-layout-flex wp-container-core-columns-is-layout-87beb0d0 wp-block-columns-is-layout-flex\">\n<div class=\"wp-block-column is-vertically-aligned-stretch is-layout-flow wp-block-column-is-layout-flow\">\n<div class=\"wp-block-group is-style-ext-preset--group--natural-1--item-card-1--align-start has-global-padding is-layout-constrained wp-block-group-is-layout-constrained is-style-ext-preset--group--natural-1--item-card-1--align-start--6\">\n<div class=\"wp-block-group is-style-default has-global-padding is-layout-constrained wp-block-group-is-layout-constrained\">\n<h3 class=\"wp-block-heading has-primary-color has-text-color has-link-color has-x-large-font-size wp-elements-f1b7b37d5d389404e1a4d3413b07793a\">120<\/h3>\n\n\n\n<h3 class=\"wp-block-heading\">Erfolgreiche Projekte<\/h3>\n\n\n\n<p>Unternehmen vertrauen auf unsere professionelle IT-Beratung und Services mit bereits \u00fcber 120 erfolgreich abgeschlossenen Projekten.<\/p>\n<\/div>\n<\/div>\n<\/div>\n\n\n\n<div class=\"wp-block-column is-vertically-aligned-stretch is-layout-flow wp-block-column-is-layout-flow\">\n<div class=\"wp-block-group is-style-ext-preset--group--natural-1--item-card-1--align-start has-global-padding is-layout-constrained wp-block-group-is-layout-constrained is-style-ext-preset--group--natural-1--item-card-1--align-start--7\">\n<div class=\"wp-block-group is-style-default has-global-padding is-layout-constrained wp-block-group-is-layout-constrained\">\n<h3 class=\"wp-block-heading has-primary-color has-text-color has-link-color has-x-large-font-size wp-elements-04cd97e425b36b2feafd30539a448525\">99<\/h3>\n\n\n\n<h3 class=\"wp-block-heading\">Prozent Effizienz<\/h3>\n\n\n\n<p>Wir helfen Ihnen, die Effizienz Ihrer Systeme deutlich zu steigern und Prozesse zu optimieren.<\/p>\n<\/div>\n<\/div>\n<\/div>\n<\/div>\n<\/div>\n<\/div>\n<\/div>\n\n\n\n<div class=\"wp-block-group alignfull is-style-ext-preset--group--natural-1--section has-background-background-color has-background has-global-padding is-layout-constrained wp-container-core-group-is-layout-e955bbaf wp-block-group-is-layout-constrained\" id=\"team\" style=\"margin-top:0;margin-bottom:0;padding-top:var(--wp--preset--spacing--70);padding-bottom:var(--wp--preset--spacing--70)\">\n<div class=\"wp-block-group alignwide is-vertical is-layout-flex wp-container-core-group-is-layout-c35747d5 wp-block-group-is-layout-flex\">\n<div class=\"wp-block-group has-global-padding is-layout-constrained wp-container-core-group-is-layout-2287c683 wp-block-group-is-layout-constrained\">\n<h3 class=\"wp-block-heading\">Steigern Sie die Leistung Ihrer IT und Systeme<\/h3>\n\n\n\n<p>Unser Team besteht aus erfahrenen Experten, die Ihre IT-Projekte voranbringen.<\/p>\n<\/div>\n<\/div>\n<\/div>","protected":false},"excerpt":{"rendered":"<p>Ma\u00dfgeschneiderte IT- Beratung mit Erfahrung EDV-SIMON setzt seit \u00fcber 35 Jahren auf individuelle IT-L\u00f6sungen, die Effizienz steigern und Sicherheit gew\u00e4hrleisten. Unsere Vision ist es, Unternehmen durch innovative Technik, perfekte Prozesse und umfassendes Projekt Management nachhaltig zu unterst\u00fctzen. Ihr erfahrener IT-Systemberater Hier pr\u00e4sentieren wir relevante Daten, die unsere langj\u00e4hrige Expertise und erfolgreiche IT-Projekte verdeutlichen. 35 Jahre [&hellip;]<\/p>\n","protected":false},"author":2,"featured_media":0,"parent":0,"menu_order":0,"comment_status":"closed","ping_status":"closed","template":"page-with-title","meta":{"om_disable_all_campaigns":false,"_monsterinsights_skip_tracking":false,"_monsterinsights_sitenote_active":false,"_monsterinsights_sitenote_note":"","_monsterinsights_sitenote_category":0,"_uf_show_specific_survey":0,"_uf_disable_surveys":false,"footnotes":""},"class_list":["post-25","page","type-page","status-publish","hentry"],"aioseo_notices":[],"_links":{"self":[{"href":"https:\/\/edv-simon.de\/en\/wp-json\/wp\/v2\/pages\/25","targetHints":{"allow":["GET"]}}],"collection":[{"href":"https:\/\/edv-simon.de\/en\/wp-json\/wp\/v2\/pages"}],"about":[{"href":"https:\/\/edv-simon.de\/en\/wp-json\/wp\/v2\/types\/page"}],"author":[{"embeddable":true,"href":"https:\/\/edv-simon.de\/en\/wp-json\/wp\/v2\/users\/2"}],"replies":[{"embeddable":true,"href":"https:\/\/edv-simon.de\/en\/wp-json\/wp\/v2\/comments?post=25"}],"version-history":[{"count":5,"href":"https:\/\/edv-simon.de\/en\/wp-json\/wp\/v2\/pages\/25\/revisions"}],"predecessor-version":[{"id":175,"href":"https:\/\/edv-simon.de\/en\/wp-json\/wp\/v2\/pages\/25\/revisions\/175"}],"wp:attachment":[{"href":"https:\/\/edv-simon.de\/en\/wp-json\/wp\/v2\/media?parent=25"}],"curies":[{"name":"wp","href":"https:\/\/api.w.org\/{rel}","templated":true}]}}