{"id":28,"date":"2026-01-13T20:27:58","date_gmt":"2026-01-13T20:27:58","guid":{"rendered":"https:\/\/edv-simon.de\/dienstleistungen\/"},"modified":"2026-01-13T20:35:27","modified_gmt":"2026-01-13T20:35:27","slug":"dienstleistungen","status":"publish","type":"page","link":"https:\/\/edv-simon.de\/en\/dienstleistungen\/","title":{"rendered":"services"},"content":{"rendered":"<div class=\"wp-block-group alignfull is-style-ext-preset--group--natural-1--section has-background-background-color has-background has-global-padding is-layout-constrained wp-container-core-group-is-layout-e955bbaf wp-block-group-is-layout-constrained\" id=\"dienstleistungen\" style=\"margin-top:0;margin-bottom:0;padding-top:var(--wp--preset--spacing--70);padding-bottom:var(--wp--preset--spacing--70)\">\n<div class=\"wp-block-group alignwide is-vertical is-layout-flex wp-container-core-group-is-layout-c35747d5 wp-block-group-is-layout-flex\">\n<div class=\"wp-block-group has-global-padding is-layout-constrained wp-container-core-group-is-layout-5e05634a wp-block-group-is-layout-constrained\">\n<h2 class=\"wp-block-heading\">Professionelles Sicherheitsmanagement<\/h2>\n\n\n\n<p class=\"has-text-align-left\">Erfahren Sie mehr \u00fcber unsere umfassenden IT-Services, die individuell auf Ihr Unternehmen abgestimmt sind.<\/p>\n<\/div>\n<\/div>\n\n\n\n<div class=\"wp-block-columns alignwide is-layout-flex wp-container-core-columns-is-layout-174606dc wp-block-columns-is-layout-flex\">\n<div class=\"wp-block-column is-vertically-aligned-stretch is-layout-flow wp-container-core-column-is-layout-119bc444 wp-block-column-is-layout-flow\">\n<div class=\"wp-block-cover is-style-ext-preset--image--natural-1--image-1--content-right is-style-ext-preset--image--natural-1--image-1--content-right--2\" style=\"padding-top:0;padding-bottom:0;min-height:100%;aspect-ratio:unset;\"><img loading=\"lazy\" decoding=\"async\" width=\"1440\" height=\"961\" class=\"wp-block-cover__image-background wp-image-62\" alt=\"\" src=\"https:\/\/edv-simon.de\/wp-content\/uploads\/2026\/01\/ccbdfc0d7c676be9972b4cb8a0990f6b2c387e80.jpg\" data-object-fit=\"cover\" srcset=\"https:\/\/edv-simon.de\/wp-content\/uploads\/2026\/01\/ccbdfc0d7c676be9972b4cb8a0990f6b2c387e80.jpg 1440w, https:\/\/edv-simon.de\/wp-content\/uploads\/2026\/01\/ccbdfc0d7c676be9972b4cb8a0990f6b2c387e80-300x200.jpg 300w, https:\/\/edv-simon.de\/wp-content\/uploads\/2026\/01\/ccbdfc0d7c676be9972b4cb8a0990f6b2c387e80-1024x683.jpg 1024w, https:\/\/edv-simon.de\/wp-content\/uploads\/2026\/01\/ccbdfc0d7c676be9972b4cb8a0990f6b2c387e80-768x513.jpg 768w, https:\/\/edv-simon.de\/wp-content\/uploads\/2026\/01\/ccbdfc0d7c676be9972b4cb8a0990f6b2c387e80-18x12.jpg 18w\" sizes=\"auto, (max-width: 1440px) 100vw, 1440px\" \/><span aria-hidden=\"true\" class=\"wp-block-cover__background has-background-dim-0 has-background-dim\"><\/span><div class=\"wp-block-cover__inner-container is-layout-flow wp-block-cover-is-layout-flow\">\n<div style=\"height:240px\" aria-hidden=\"true\" class=\"wp-block-spacer\"><\/div>\n<\/div><\/div>\n<\/div>\n\n\n\n<div class=\"wp-block-column is-vertically-aligned-center is-layout-flow wp-block-column-is-layout-flow\">\n<div class=\"wp-block-group is-style-ext-preset--group--natural-1--item-card-1--align-start has-global-padding is-layout-constrained wp-block-group-is-layout-constrained is-style-ext-preset--group--natural-1--item-card-1--align-start--3\">\n<div class=\"wp-block-group is-style-default has-global-padding is-layout-constrained wp-block-group-is-layout-constrained\">\n<div class=\"wp-block-group is-nowrap is-layout-flex wp-container-core-group-is-layout-64fa2afa wp-block-group-is-layout-flex\" style=\"padding-top:0;padding-right:0;padding-bottom:0;padding-left:0\">\n<figure class=\"wp-block-image size-large ext-aspect-landscape wp-duotone-primary-foreground\"><img decoding=\"async\" src=\"data:image\/svg+xml;base64,PHN2ZyB4bWxucz0iaHR0cDovL3d3dy53My5vcmcvMjAwMC9zdmciIHdpZHRoPSI0OCIgaGVpZ2h0PSI0OCIgZmlsbD0iIzAwMDAwMCIgdmlld0JveD0iMCAwIDI1NiAyNTYiPjxwYXRoIGQ9Ik0xNzIsNzZhNDQsNDQsMCwxLDAtNDQsNDRBNDQuMDUsNDQuMDUsMCwwLDAsMTcyLDc2Wm0tNDQsMjhhMjgsMjgsMCwxLDEsMjgtMjhBMjgsMjgsMCwwLDEsMTI4LDEwNFptNjAsMjRhNDQsNDQsMCwxLDAsNDQsNDRBNDQuMDUsNDQuMDUsMCwwLDAsMTg4LDEyOFptMCw3MmEyOCwyOCwwLDEsMSwyOC0yOEEyOCwyOCwwLDAsMSwxODgsMjAwWk02OCwxMjhhNDQsNDQsMCwxLDAsNDQsNDRBNDQuMDUsNDQuMDUsMCwwLDAsNjgsMTI4Wm0wLDcyYTI4LDI4LDAsMSwxLDI4LTI4QTI4LDI4LDAsMCwxLDY4LDIwMFoiPjwvcGF0aD48L3N2Zz4=\" alt=\"\" style=\"object-fit:cover\"\/><\/figure>\n\n\n\n<div class=\"wp-block-group wp-container-content-958eb9dc has-global-padding is-layout-constrained wp-container-core-group-is-layout-c06d165c wp-block-group-is-layout-constrained\" style=\"padding-top:0;padding-right:0;padding-bottom:0;padding-left:0\">\n<h3 class=\"wp-block-heading\">IT-Systemberatung<\/h3>\n\n\n\n<p>Unsere Beratung optimiert Ihre IT-Strukturen passgenau und praxisnah.<\/p>\n<\/div>\n<\/div>\n<\/div>\n<\/div>\n\n\n\n<div class=\"wp-block-group is-style-ext-preset--group--natural-1--item-card-1--align-start has-global-padding is-layout-constrained wp-block-group-is-layout-constrained is-style-ext-preset--group--natural-1--item-card-1--align-start--4\">\n<div class=\"wp-block-group is-style-default has-global-padding is-layout-constrained wp-block-group-is-layout-constrained\">\n<div class=\"wp-block-group is-nowrap is-layout-flex wp-container-core-group-is-layout-64fa2afa wp-block-group-is-layout-flex\" style=\"padding-top:0;padding-right:0;padding-bottom:0;padding-left:0\">\n<figure class=\"wp-block-image size-large ext-aspect-landscape wp-duotone-primary-foreground\"><img decoding=\"async\" src=\"data:image\/svg+xml;base64,PHN2ZyB4bWxucz0iaHR0cDovL3d3dy53My5vcmcvMjAwMC9zdmciIHdpZHRoPSI0OCIgaGVpZ2h0PSI0OCIgZmlsbD0iIzAwMDAwMCIgdmlld0JveD0iMCAwIDI1NiAyNTYiPjxwYXRoIGQ9Ik04MCw0MGE0MCw0MCwwLDEsMCw0MCw0MEE0MCw0MCwwLDAsMCw4MCw0MFptMCw2NGEyNCwyNCwwLDEsMSwyNC0yNEEyNCwyNCwwLDAsMSw4MCwxMDRabTk2LDE2YTQwLDQwLDAsMSwwLTQwLTQwQTQwLDQwLDAsMCwwLDE3NiwxMjBabTAtNjRhMjQsMjQsMCwxLDEtMjQsMjRBMjQsMjQsMCwwLDEsMTc2LDU2Wk04MCwxMzZhNDAsNDAsMCwxLDAsNDAsNDBBNDAsNDAsMCwwLDAsODAsMTM2Wm0wLDY0YTI0LDI0LDAsMSwxLDI0LTI0QTI0LDI0LDAsMCwxLDgwLDIwMFptOTYtNjRhNDAsNDAsMCwxLDAsNDAsNDBBNDAsNDAsMCwwLDAsMTc2LDEzNlptMCw2NGEyNCwyNCwwLDEsMSwyNC0yNEEyNCwyNCwwLDAsMSwxNzYsMjAwWiI+PC9wYXRoPjwvc3ZnPg==\" alt=\"\" style=\"object-fit:cover\"\/><\/figure>\n\n\n\n<div class=\"wp-block-group wp-container-content-958eb9dc has-global-padding is-layout-constrained wp-container-core-group-is-layout-c06d165c wp-block-group-is-layout-constrained\" style=\"padding-top:0;padding-right:0;padding-bottom:0;padding-left:0\">\n<h3 class=\"wp-block-heading\">Cloud solutions<\/h3>\n\n\n\n<p>Wir entwickeln Cloud-Konzepte, die Ihre Gesch\u00e4ftsprozesse sicher und effizient gestalten.<\/p>\n<\/div>\n<\/div>\n<\/div>\n<\/div>\n\n\n\n<div class=\"wp-block-group is-style-ext-preset--group--natural-1--item-card-1--align-start has-global-padding is-layout-constrained wp-block-group-is-layout-constrained is-style-ext-preset--group--natural-1--item-card-1--align-start--5\">\n<div class=\"wp-block-group is-style-default has-global-padding is-layout-constrained wp-block-group-is-layout-constrained\">\n<div class=\"wp-block-group is-nowrap is-layout-flex wp-container-core-group-is-layout-64fa2afa wp-block-group-is-layout-flex\" style=\"padding-top:0;padding-right:0;padding-bottom:0;padding-left:0\">\n<figure class=\"wp-block-image size-large ext-aspect-landscape wp-duotone-primary-foreground\"><img decoding=\"async\" src=\"data:image\/svg+xml;base64,PHN2ZyB4bWxucz0iaHR0cDovL3d3dy53My5vcmcvMjAwMC9zdmciIHdpZHRoPSI0OCIgaGVpZ2h0PSI0OCIgZmlsbD0iIzAwMDAwMCIgdmlld0JveD0iMCAwIDI1NiAyNTYiPjxwYXRoIGQ9Ik04MCw0MGE0MCw0MCwwLDEsMCw0MCw0MEE0MCw0MCwwLDAsMCw4MCw0MFptMCw2NGEyNCwyNCwwLDEsMSwyNC0yNEEyNCwyNCwwLDAsMSw4MCwxMDRabTk2LDE2YTQwLDQwLDAsMSwwLTQwLTQwQTQwLDQwLDAsMCwwLDE3NiwxMjBabTAtNjRhMjQsMjQsMCwxLDEtMjQsMjRBMjQsMjQsMCwwLDEsMTc2LDU2Wk04MCwxMzZhNDAsNDAsMCwxLDAsNDAsNDBBNDAsNDAsMCwwLDAsODAsMTM2Wm0wLDY0YTI0LDI0LDAsMSwxLDI0LTI0QTI0LDI0LDAsMCwxLDgwLDIwMFptMTM2LTI0YTgsOCwwLDAsMS04LDhIMTg0djI0YTgsOCwwLDAsMS0xNiwwVjE4NEgxNDRhOCw4LDAsMCwxLDAtMTZoMjRWMTQ0YTgsOCwwLDAsMSwxNiwwdjI0aDI0QTgsOCwwLDAsMSwyMTYsMTc2WiI+PC9wYXRoPjwvc3ZnPg==\" alt=\"\" style=\"object-fit:cover\"\/><\/figure>\n\n\n\n<div class=\"wp-block-group wp-container-content-958eb9dc has-global-padding is-layout-constrained wp-container-core-group-is-layout-c06d165c wp-block-group-is-layout-constrained\" style=\"padding-top:0;padding-right:0;padding-bottom:0;padding-left:0\">\n<h3 class=\"wp-block-heading\">Microsoft-Partner Services<\/h3>\n\n\n\n<p>Als zertifizierter Partner bieten wir verl\u00e4ssliche Microsoft-L\u00f6sungen f\u00fcr Ihr Business.<\/p>\n<\/div>\n<\/div>\n<\/div>\n<\/div>\n<\/div>\n<\/div>\n<\/div>\n\n<div class=\"wp-block-group alignfull is-style-ext-preset--group--natural-1--section has-tertiary-background-color has-background has-global-padding is-layout-constrained wp-container-core-group-is-layout-e955bbaf wp-block-group-is-layout-constrained\" id=\"funktionen\" style=\"margin-top:0;margin-bottom:0;padding-top:var(--wp--preset--spacing--70);padding-bottom:var(--wp--preset--spacing--70)\">\n<div class=\"wp-block-group alignwide is-vertical is-content-justification-center is-layout-flex wp-container-core-group-is-layout-c9ee0c5a wp-block-group-is-layout-flex\">\n<div class=\"wp-block-group has-global-padding is-layout-constrained wp-container-core-group-is-layout-2287c683 wp-block-group-is-layout-constrained\">\n<h2 class=\"wp-block-heading has-text-align-center\">Ma\u00dfgeschneiderte L\u00f6sungen f\u00fcr Ihre IT-Herausforderungen<\/h2>\n\n\n\n<p class=\"has-text-align-center\">EDV-SIMON steht f\u00fcr \u00fcber 35 Jahre Erfahrung in IT-Beratung, Cloud-Integration und Sicherheitsmanagement, um Ihre Unternehmensprozesse effizienter zu gestalten.<\/p>\n<\/div>\n<\/div>\n\n\n\n<div class=\"wp-block-columns alignwide is-layout-flex wp-container-core-columns-is-layout-08c01c1c wp-block-columns-is-layout-flex\">\n<div class=\"wp-block-column is-layout-flow wp-block-column-is-layout-flow\">\n<div class=\"wp-block-group is-style-ext-preset--group--natural-1--item-card-1--align-center has-global-padding is-layout-constrained wp-block-group-is-layout-constrained is-style-ext-preset--group--natural-1--item-card-1--align-center--7\">\n<figure class=\"wp-block-image\"><img loading=\"lazy\" decoding=\"async\" width=\"1440\" height=\"960\" class=\"wp-image-69\" src=\"https:\/\/edv-simon.de\/wp-content\/uploads\/2026\/01\/90f1edaa55d324e3b5be3ced82e0837ebc1fb018.jpg\" alt=\"\" style=\"aspect-ratio:4\/3;object-fit:cover\" srcset=\"https:\/\/edv-simon.de\/wp-content\/uploads\/2026\/01\/90f1edaa55d324e3b5be3ced82e0837ebc1fb018.jpg 1440w, https:\/\/edv-simon.de\/wp-content\/uploads\/2026\/01\/90f1edaa55d324e3b5be3ced82e0837ebc1fb018-300x200.jpg 300w, https:\/\/edv-simon.de\/wp-content\/uploads\/2026\/01\/90f1edaa55d324e3b5be3ced82e0837ebc1fb018-1024x683.jpg 1024w, https:\/\/edv-simon.de\/wp-content\/uploads\/2026\/01\/90f1edaa55d324e3b5be3ced82e0837ebc1fb018-768x512.jpg 768w, https:\/\/edv-simon.de\/wp-content\/uploads\/2026\/01\/90f1edaa55d324e3b5be3ced82e0837ebc1fb018-18x12.jpg 18w\" sizes=\"auto, (max-width: 1440px) 100vw, 1440px\" \/><\/figure>\n\n\n\n<div class=\"wp-block-group is-style-default has-global-padding is-layout-constrained wp-block-group-is-layout-constrained\">\n<h3 class=\"wp-block-heading has-text-align-center\">IT-Systemberatung<\/h3>\n\n\n\n<p class=\"has-text-align-center\">Individuelle Beratung zur Optimierung Ihrer IT-Infrastruktur und Abl\u00e4ufe.<\/p>\n<\/div>\n<\/div>\n<\/div>\n\n\n\n<div class=\"wp-block-column is-layout-flow wp-block-column-is-layout-flow\">\n<div class=\"wp-block-group is-style-ext-preset--group--natural-1--item-card-1--align-center has-global-padding is-layout-constrained wp-block-group-is-layout-constrained is-style-ext-preset--group--natural-1--item-card-1--align-center--8\">\n<figure class=\"wp-block-image\"><img loading=\"lazy\" decoding=\"async\" width=\"1440\" height=\"1080\" class=\"wp-image-70\" src=\"https:\/\/edv-simon.de\/wp-content\/uploads\/2026\/01\/e9ca9c4fdb1dd74da8d9623646f16d0e4ce376f8.jpg\" alt=\"\" style=\"aspect-ratio:4\/3;object-fit:cover\" srcset=\"https:\/\/edv-simon.de\/wp-content\/uploads\/2026\/01\/e9ca9c4fdb1dd74da8d9623646f16d0e4ce376f8.jpg 1440w, https:\/\/edv-simon.de\/wp-content\/uploads\/2026\/01\/e9ca9c4fdb1dd74da8d9623646f16d0e4ce376f8-300x225.jpg 300w, https:\/\/edv-simon.de\/wp-content\/uploads\/2026\/01\/e9ca9c4fdb1dd74da8d9623646f16d0e4ce376f8-1024x768.jpg 1024w, https:\/\/edv-simon.de\/wp-content\/uploads\/2026\/01\/e9ca9c4fdb1dd74da8d9623646f16d0e4ce376f8-768x576.jpg 768w, https:\/\/edv-simon.de\/wp-content\/uploads\/2026\/01\/e9ca9c4fdb1dd74da8d9623646f16d0e4ce376f8-16x12.jpg 16w\" sizes=\"auto, (max-width: 1440px) 100vw, 1440px\" \/><\/figure>\n\n\n\n<div class=\"wp-block-group is-style-default has-global-padding is-layout-constrained wp-block-group-is-layout-constrained\">\n<h3 class=\"wp-block-heading has-text-align-center\">Cloud solutions<\/h3>\n\n\n\n<p class=\"has-text-align-center\">Implementierung flexibler und sicherer Cloud-Services f\u00fcr Ihr Unternehmen.<\/p>\n<\/div>\n<\/div>\n<\/div>\n\n\n\n<div class=\"wp-block-column is-layout-flow wp-block-column-is-layout-flow\">\n<div class=\"wp-block-group is-style-ext-preset--group--natural-1--item-card-1--align-center has-global-padding is-layout-constrained wp-block-group-is-layout-constrained is-style-ext-preset--group--natural-1--item-card-1--align-center--9\">\n<figure class=\"wp-block-image\"><img loading=\"lazy\" decoding=\"async\" width=\"1440\" height=\"961\" class=\"wp-image-71\" src=\"https:\/\/edv-simon.de\/wp-content\/uploads\/2026\/01\/b046c43d5c8c6545606ad8b23a8e17f1fb80dc5d.jpg\" alt=\"\" style=\"aspect-ratio:4\/3;object-fit:cover\" srcset=\"https:\/\/edv-simon.de\/wp-content\/uploads\/2026\/01\/b046c43d5c8c6545606ad8b23a8e17f1fb80dc5d.jpg 1440w, https:\/\/edv-simon.de\/wp-content\/uploads\/2026\/01\/b046c43d5c8c6545606ad8b23a8e17f1fb80dc5d-300x200.jpg 300w, https:\/\/edv-simon.de\/wp-content\/uploads\/2026\/01\/b046c43d5c8c6545606ad8b23a8e17f1fb80dc5d-1024x683.jpg 1024w, https:\/\/edv-simon.de\/wp-content\/uploads\/2026\/01\/b046c43d5c8c6545606ad8b23a8e17f1fb80dc5d-768x513.jpg 768w, https:\/\/edv-simon.de\/wp-content\/uploads\/2026\/01\/b046c43d5c8c6545606ad8b23a8e17f1fb80dc5d-18x12.jpg 18w\" sizes=\"auto, (max-width: 1440px) 100vw, 1440px\" \/><\/figure>\n\n\n\n<div class=\"wp-block-group is-style-default has-global-padding is-layout-constrained wp-block-group-is-layout-constrained\">\n<h3 class=\"wp-block-heading has-text-align-center\">Security management<\/h3>\n\n\n\n<p class=\"has-text-align-center\">Ganzheitliche Strategien zum Schutz Ihrer Daten und IT-Systeme.<\/p>\n<\/div>\n<\/div>\n<\/div>\n<\/div>\n<\/div>\n\n<div class=\"wp-block-group alignfull is-style-ext-preset--group--natural-1--section has-background-background-color has-background has-global-padding is-layout-constrained wp-block-group-is-layout-constrained\" style=\"margin-top:0;margin-bottom:0;padding-top:var(--wp--preset--spacing--70);padding-bottom:var(--wp--preset--spacing--70)\">\n<div class=\"wp-block-columns alignwide are-vertically-aligned-center is-layout-flex wp-container-core-columns-is-layout-174606dc wp-block-columns-is-layout-flex\">\n<div class=\"wp-block-column is-vertically-aligned-center is-layout-flow wp-block-column-is-layout-flow\">\n<figure class=\"wp-block-image is-style-ext-preset--image--natural-1--image-1--content-left is-style-ext-preset--image--natural-1--image-1--content-left--11\"><img loading=\"lazy\" decoding=\"async\" width=\"1440\" height=\"961\" class=\"wp-image-71\" src=\"https:\/\/edv-simon.de\/wp-content\/uploads\/2026\/01\/b046c43d5c8c6545606ad8b23a8e17f1fb80dc5d.jpg\" alt=\"\" style=\"aspect-ratio:4\/3;object-fit:cover\" srcset=\"https:\/\/edv-simon.de\/wp-content\/uploads\/2026\/01\/b046c43d5c8c6545606ad8b23a8e17f1fb80dc5d.jpg 1440w, https:\/\/edv-simon.de\/wp-content\/uploads\/2026\/01\/b046c43d5c8c6545606ad8b23a8e17f1fb80dc5d-300x200.jpg 300w, https:\/\/edv-simon.de\/wp-content\/uploads\/2026\/01\/b046c43d5c8c6545606ad8b23a8e17f1fb80dc5d-1024x683.jpg 1024w, https:\/\/edv-simon.de\/wp-content\/uploads\/2026\/01\/b046c43d5c8c6545606ad8b23a8e17f1fb80dc5d-768x513.jpg 768w, https:\/\/edv-simon.de\/wp-content\/uploads\/2026\/01\/b046c43d5c8c6545606ad8b23a8e17f1fb80dc5d-18x12.jpg 18w\" sizes=\"auto, (max-width: 1440px) 100vw, 1440px\" \/><\/figure>\n<\/div>\n\n\n\n<div class=\"wp-block-column is-vertically-aligned-center is-layout-flow wp-block-column-is-layout-flow\">\n<div class=\"wp-block-group alignwide is-vertical is-layout-flex wp-container-core-group-is-layout-c35747d5 wp-block-group-is-layout-flex\">\n<div class=\"wp-block-group has-global-padding is-layout-constrained wp-container-core-group-is-layout-dd32767c wp-block-group-is-layout-constrained\">\n<h2 class=\"wp-block-heading\">Individuelle IT-L\u00f6sungen f\u00fcr Ihren Erfolg<\/h2>\n\n\n\n<p>Entdecken Sie, wie EDV-SIMON mit \u00fcber 35 Jahren Erfahrung Ihre IT-Infrastruktur optimiert. Kontaktieren Sie uns jetzt f\u00fcr eine pers\u00f6nliche Beratung und bringen Sie Ihre Systeme auf das n\u00e4chste Level.<\/p>\n<\/div>\n\n\n\n<div class=\"wp-block-buttons is-layout-flex wp-block-buttons-is-layout-flex\">\n<div class=\"wp-block-button is-style-ext-preset--button--natural-1--button-1 is-style-ext-preset--button--natural-1--button-1--12\"><a class=\"wp-block-button__link wp-element-button\" href=\"https:\/\/edv-simon.de\/en\/kontakt\/\">Jetzt informieren<\/a><\/div>\n<\/div>\n<\/div>\n<\/div>\n<\/div>\n<\/div>","protected":false},"excerpt":{"rendered":"<p>Professionelles Sicherheitsmanagement Erfahren Sie mehr \u00fcber unsere umfassenden IT-Services, die individuell auf Ihr Unternehmen abgestimmt sind. IT-Systemberatung Unsere Beratung optimiert Ihre IT-Strukturen passgenau und praxisnah. Cloud-L\u00f6sungen Wir entwickeln Cloud-Konzepte, die Ihre Gesch\u00e4ftsprozesse sicher und effizient gestalten. Microsoft-Partner Services Als zertifizierter Partner bieten wir verl\u00e4ssliche Microsoft-L\u00f6sungen f\u00fcr Ihr Business. Ma\u00dfgeschneiderte L\u00f6sungen f\u00fcr Ihre IT-Herausforderungen EDV-SIMON steht [&hellip;]<\/p>\n","protected":false},"author":2,"featured_media":0,"parent":0,"menu_order":0,"comment_status":"closed","ping_status":"closed","template":"page-with-title","meta":{"om_disable_all_campaigns":false,"_monsterinsights_skip_tracking":false,"_monsterinsights_sitenote_active":false,"_monsterinsights_sitenote_note":"","_monsterinsights_sitenote_category":0,"_uf_show_specific_survey":0,"_uf_disable_surveys":false,"footnotes":""},"class_list":["post-28","page","type-page","status-publish","hentry"],"aioseo_notices":[],"_links":{"self":[{"href":"https:\/\/edv-simon.de\/en\/wp-json\/wp\/v2\/pages\/28","targetHints":{"allow":["GET"]}}],"collection":[{"href":"https:\/\/edv-simon.de\/en\/wp-json\/wp\/v2\/pages"}],"about":[{"href":"https:\/\/edv-simon.de\/en\/wp-json\/wp\/v2\/types\/page"}],"author":[{"embeddable":true,"href":"https:\/\/edv-simon.de\/en\/wp-json\/wp\/v2\/users\/2"}],"replies":[{"embeddable":true,"href":"https:\/\/edv-simon.de\/en\/wp-json\/wp\/v2\/comments?post=28"}],"version-history":[{"count":2,"href":"https:\/\/edv-simon.de\/en\/wp-json\/wp\/v2\/pages\/28\/revisions"}],"predecessor-version":[{"id":72,"href":"https:\/\/edv-simon.de\/en\/wp-json\/wp\/v2\/pages\/28\/revisions\/72"}],"wp:attachment":[{"href":"https:\/\/edv-simon.de\/en\/wp-json\/wp\/v2\/media?parent=28"}],"curies":[{"name":"wp","href":"https:\/\/api.w.org\/{rel}","templated":true}]}}