{"id":29,"date":"2026-01-13T20:27:58","date_gmt":"2026-01-13T20:27:58","guid":{"rendered":"https:\/\/edv-simon.de\/portfolio\/"},"modified":"2026-01-13T20:35:30","modified_gmt":"2026-01-13T20:35:30","slug":"portfolio","status":"publish","type":"page","link":"https:\/\/edv-simon.de\/en\/portfolio\/","title":{"rendered":"Portfolio"},"content":{"rendered":"<div class=\"wp-block-group alignfull is-style-ext-preset--group--natural-1--section has-background-background-color has-background has-global-padding is-layout-constrained wp-container-core-group-is-layout-6714b1d7 wp-block-group-is-layout-constrained\" id=\"ueber-uns\" style=\"margin-top:0;margin-bottom:0;padding-top:var(--wp--preset--spacing--70);padding-bottom:var(--wp--preset--spacing--70)\">\n<div class=\"wp-block-group alignwide is-vertical is-content-justification-center is-layout-flex wp-container-core-group-is-layout-c9ee0c5a wp-block-group-is-layout-flex\">\n<div class=\"wp-block-group has-global-padding is-layout-constrained wp-container-core-group-is-layout-2287c683 wp-block-group-is-layout-constrained\">\n<h2 class=\"wp-block-heading has-text-align-center\">Ma\u00dfgeschneiderte IT-Beratung von EDV-SIMON<\/h2>\n\n\n\n<p class=\"has-text-align-center\">EDV-SIMON steht f\u00fcr verl\u00e4ssliche IT-Systemberatung, die Effizienz und Sicherheit in Unternehmen f\u00f6rdert. Mit \u00fcber 35 Jahren Erfahrung unterst\u00fctzen wir Ihre digitale Transformation und helfen, IT-Prozesse nachhaltig zu optimieren.<\/p>\n<\/div>\n<\/div>\n\n\n\n<div class=\"wp-block-columns alignwide is-layout-flex wp-container-core-columns-is-layout-28f84493 wp-block-columns-is-layout-flex\">\n<div class=\"wp-block-column is-layout-flow wp-block-column-is-layout-flow\">\n<figure class=\"wp-block-image is-style-ext-preset-image-natural-1-image-1--content-bottom is-style-ext-preset--image--natural-1--image-1--content-bottom is-style-ext-preset--image--natural-1--image-1--content-bottom--2\"><img loading=\"lazy\" decoding=\"async\" width=\"1440\" height=\"960\" class=\"wp-image-59\" src=\"https:\/\/edv-simon.de\/wp-content\/uploads\/2026\/01\/af92e8351944432cad5bde63b8854344cfd1e376.jpg\" alt=\"\" style=\"aspect-ratio:3\/4;object-fit:cover\" srcset=\"https:\/\/edv-simon.de\/wp-content\/uploads\/2026\/01\/af92e8351944432cad5bde63b8854344cfd1e376.jpg 1440w, https:\/\/edv-simon.de\/wp-content\/uploads\/2026\/01\/af92e8351944432cad5bde63b8854344cfd1e376-300x200.jpg 300w, https:\/\/edv-simon.de\/wp-content\/uploads\/2026\/01\/af92e8351944432cad5bde63b8854344cfd1e376-1024x683.jpg 1024w, https:\/\/edv-simon.de\/wp-content\/uploads\/2026\/01\/af92e8351944432cad5bde63b8854344cfd1e376-768x512.jpg 768w, https:\/\/edv-simon.de\/wp-content\/uploads\/2026\/01\/af92e8351944432cad5bde63b8854344cfd1e376-18x12.jpg 18w\" sizes=\"auto, (max-width: 1440px) 100vw, 1440px\" \/><\/figure>\n<\/div>\n\n\n\n<div class=\"wp-block-column is-layout-flow wp-block-column-is-layout-flow\">\n<figure class=\"wp-block-image is-style-ext-preset-image-natural-1-image-1--content-bottom is-style-ext-preset--image--natural-1--image-1--content-bottom is-style-ext-preset--image--natural-1--image-1--content-bottom--3\"><img loading=\"lazy\" decoding=\"async\" width=\"1440\" height=\"961\" class=\"wp-image-60\" src=\"https:\/\/edv-simon.de\/wp-content\/uploads\/2026\/01\/ce53e5d6775ac8ede4151881632e784e7dc2babd.jpg\" alt=\"\" style=\"aspect-ratio:3\/4;object-fit:cover\" srcset=\"https:\/\/edv-simon.de\/wp-content\/uploads\/2026\/01\/ce53e5d6775ac8ede4151881632e784e7dc2babd.jpg 1440w, https:\/\/edv-simon.de\/wp-content\/uploads\/2026\/01\/ce53e5d6775ac8ede4151881632e784e7dc2babd-300x200.jpg 300w, https:\/\/edv-simon.de\/wp-content\/uploads\/2026\/01\/ce53e5d6775ac8ede4151881632e784e7dc2babd-1024x683.jpg 1024w, https:\/\/edv-simon.de\/wp-content\/uploads\/2026\/01\/ce53e5d6775ac8ede4151881632e784e7dc2babd-768x513.jpg 768w, https:\/\/edv-simon.de\/wp-content\/uploads\/2026\/01\/ce53e5d6775ac8ede4151881632e784e7dc2babd-18x12.jpg 18w\" sizes=\"auto, (max-width: 1440px) 100vw, 1440px\" \/><\/figure>\n<\/div>\n\n\n\n<div class=\"wp-block-column is-layout-flow wp-block-column-is-layout-flow\">\n<figure class=\"wp-block-image is-style-ext-preset-image-natural-1-image-1--content-bottom is-style-ext-preset--image--natural-1--image-1--content-bottom is-style-ext-preset--image--natural-1--image-1--content-bottom--4\"><img loading=\"lazy\" decoding=\"async\" width=\"1440\" height=\"960\" class=\"wp-image-61\" src=\"https:\/\/edv-simon.de\/wp-content\/uploads\/2026\/01\/4aed933de7fbb1012cad17c74a782fbcf1f391d7.jpg\" alt=\"\" style=\"aspect-ratio:3\/4;object-fit:cover\" srcset=\"https:\/\/edv-simon.de\/wp-content\/uploads\/2026\/01\/4aed933de7fbb1012cad17c74a782fbcf1f391d7.jpg 1440w, https:\/\/edv-simon.de\/wp-content\/uploads\/2026\/01\/4aed933de7fbb1012cad17c74a782fbcf1f391d7-300x200.jpg 300w, https:\/\/edv-simon.de\/wp-content\/uploads\/2026\/01\/4aed933de7fbb1012cad17c74a782fbcf1f391d7-1024x683.jpg 1024w, https:\/\/edv-simon.de\/wp-content\/uploads\/2026\/01\/4aed933de7fbb1012cad17c74a782fbcf1f391d7-768x512.jpg 768w, https:\/\/edv-simon.de\/wp-content\/uploads\/2026\/01\/4aed933de7fbb1012cad17c74a782fbcf1f391d7-18x12.jpg 18w\" sizes=\"auto, (max-width: 1440px) 100vw, 1440px\" \/><\/figure>\n<\/div>\n<\/div>\n<\/div>\n\n<div class=\"wp-block-group alignfull is-style-ext-preset--group--natural-1--section has-tertiary-background-color has-background has-global-padding is-layout-constrained wp-container-core-group-is-layout-e955bbaf wp-block-group-is-layout-constrained\" id=\"funktionen\" style=\"margin-top:0;margin-bottom:0;padding-top:var(--wp--preset--spacing--70);padding-bottom:var(--wp--preset--spacing--70)\">\n<div class=\"wp-block-group alignwide is-vertical is-content-justification-center is-layout-flex wp-container-core-group-is-layout-c9ee0c5a wp-block-group-is-layout-flex\">\n<div class=\"wp-block-group has-global-padding is-layout-constrained wp-container-core-group-is-layout-2287c683 wp-block-group-is-layout-constrained\">\n<h2 class=\"wp-block-heading has-text-align-center\">Vertrauen Sie auf \u00fcber 35 Jahre IT-Erfahrung<\/h2>\n\n\n\n<p class=\"has-text-align-center\">EDV-SIMON bietet individuelle IT-L\u00f6sungen, h\u00f6chste Zuverl\u00e4ssigkeit und umfassende Expertise f\u00fcr Ihr Unternehmen.<\/p>\n<\/div>\n<\/div>\n\n\n\n<div class=\"wp-block-columns alignwide is-layout-flex wp-container-core-columns-is-layout-08c01c1c wp-block-columns-is-layout-flex\">\n<div class=\"wp-block-column is-layout-flow wp-block-column-is-layout-flow\">\n<div class=\"wp-block-group is-style-ext-preset--group--natural-1--item-card-1--align-center has-global-padding is-layout-constrained wp-block-group-is-layout-constrained is-style-ext-preset--group--natural-1--item-card-1--align-center--6\">\n<figure class=\"wp-block-image\"><img loading=\"lazy\" decoding=\"async\" width=\"1440\" height=\"960\" class=\"wp-image-69\" src=\"https:\/\/edv-simon.de\/wp-content\/uploads\/2026\/01\/90f1edaa55d324e3b5be3ced82e0837ebc1fb018.jpg\" alt=\"\" style=\"aspect-ratio:4\/3;object-fit:cover\" srcset=\"https:\/\/edv-simon.de\/wp-content\/uploads\/2026\/01\/90f1edaa55d324e3b5be3ced82e0837ebc1fb018.jpg 1440w, https:\/\/edv-simon.de\/wp-content\/uploads\/2026\/01\/90f1edaa55d324e3b5be3ced82e0837ebc1fb018-300x200.jpg 300w, https:\/\/edv-simon.de\/wp-content\/uploads\/2026\/01\/90f1edaa55d324e3b5be3ced82e0837ebc1fb018-1024x683.jpg 1024w, https:\/\/edv-simon.de\/wp-content\/uploads\/2026\/01\/90f1edaa55d324e3b5be3ced82e0837ebc1fb018-768x512.jpg 768w, https:\/\/edv-simon.de\/wp-content\/uploads\/2026\/01\/90f1edaa55d324e3b5be3ced82e0837ebc1fb018-18x12.jpg 18w\" sizes=\"auto, (max-width: 1440px) 100vw, 1440px\" \/><\/figure>\n\n\n\n<div class=\"wp-block-group is-style-default has-global-padding is-layout-constrained wp-block-group-is-layout-constrained\">\n<h3 class=\"wp-block-heading has-text-align-center\">IT consulting<\/h3>\n\n\n\n<p class=\"has-text-align-center\">Ma\u00dfgeschneiderte Strategien f\u00fcr nachhaltige IT-Optimierung und Effizienzsteigerung.<\/p>\n<\/div>\n<\/div>\n<\/div>\n\n\n\n<div class=\"wp-block-column is-layout-flow wp-block-column-is-layout-flow\">\n<div class=\"wp-block-group is-style-ext-preset--group--natural-1--item-card-1--align-center has-global-padding is-layout-constrained wp-block-group-is-layout-constrained is-style-ext-preset--group--natural-1--item-card-1--align-center--7\">\n<figure class=\"wp-block-image\"><img loading=\"lazy\" decoding=\"async\" width=\"1440\" height=\"1080\" class=\"wp-image-70\" src=\"https:\/\/edv-simon.de\/wp-content\/uploads\/2026\/01\/e9ca9c4fdb1dd74da8d9623646f16d0e4ce376f8.jpg\" alt=\"\" style=\"aspect-ratio:4\/3;object-fit:cover\" srcset=\"https:\/\/edv-simon.de\/wp-content\/uploads\/2026\/01\/e9ca9c4fdb1dd74da8d9623646f16d0e4ce376f8.jpg 1440w, https:\/\/edv-simon.de\/wp-content\/uploads\/2026\/01\/e9ca9c4fdb1dd74da8d9623646f16d0e4ce376f8-300x225.jpg 300w, https:\/\/edv-simon.de\/wp-content\/uploads\/2026\/01\/e9ca9c4fdb1dd74da8d9623646f16d0e4ce376f8-1024x768.jpg 1024w, https:\/\/edv-simon.de\/wp-content\/uploads\/2026\/01\/e9ca9c4fdb1dd74da8d9623646f16d0e4ce376f8-768x576.jpg 768w, https:\/\/edv-simon.de\/wp-content\/uploads\/2026\/01\/e9ca9c4fdb1dd74da8d9623646f16d0e4ce376f8-16x12.jpg 16w\" sizes=\"auto, (max-width: 1440px) 100vw, 1440px\" \/><\/figure>\n\n\n\n<div class=\"wp-block-group is-style-default has-global-padding is-layout-constrained wp-block-group-is-layout-constrained\">\n<h3 class=\"wp-block-heading has-text-align-center\">Cloud solutions<\/h3>\n\n\n\n<p class=\"has-text-align-center\">Sichere und flexible Cloud-Services f\u00fcr moderne Gesch\u00e4ftsanforderungen.<\/p>\n<\/div>\n<\/div>\n<\/div>\n\n\n\n<div class=\"wp-block-column is-layout-flow wp-block-column-is-layout-flow\">\n<div class=\"wp-block-group is-style-ext-preset--group--natural-1--item-card-1--align-center has-global-padding is-layout-constrained wp-block-group-is-layout-constrained is-style-ext-preset--group--natural-1--item-card-1--align-center--8\">\n<figure class=\"wp-block-image\"><img loading=\"lazy\" decoding=\"async\" width=\"1440\" height=\"961\" class=\"wp-image-71\" src=\"https:\/\/edv-simon.de\/wp-content\/uploads\/2026\/01\/b046c43d5c8c6545606ad8b23a8e17f1fb80dc5d.jpg\" alt=\"\" style=\"aspect-ratio:4\/3;object-fit:cover\" srcset=\"https:\/\/edv-simon.de\/wp-content\/uploads\/2026\/01\/b046c43d5c8c6545606ad8b23a8e17f1fb80dc5d.jpg 1440w, https:\/\/edv-simon.de\/wp-content\/uploads\/2026\/01\/b046c43d5c8c6545606ad8b23a8e17f1fb80dc5d-300x200.jpg 300w, https:\/\/edv-simon.de\/wp-content\/uploads\/2026\/01\/b046c43d5c8c6545606ad8b23a8e17f1fb80dc5d-1024x683.jpg 1024w, https:\/\/edv-simon.de\/wp-content\/uploads\/2026\/01\/b046c43d5c8c6545606ad8b23a8e17f1fb80dc5d-768x513.jpg 768w, https:\/\/edv-simon.de\/wp-content\/uploads\/2026\/01\/b046c43d5c8c6545606ad8b23a8e17f1fb80dc5d-18x12.jpg 18w\" sizes=\"auto, (max-width: 1440px) 100vw, 1440px\" \/><\/figure>\n\n\n\n<div class=\"wp-block-group is-style-default has-global-padding is-layout-constrained wp-block-group-is-layout-constrained\">\n<h3 class=\"wp-block-heading has-text-align-center\">Security management<\/h3>\n\n\n\n<p class=\"has-text-align-center\">Ganzheitliche IT-Sicherheitskonzepte zum Schutz Ihrer Daten und Systeme.<\/p>\n<\/div>\n<\/div>\n<\/div>\n<\/div>\n<\/div>\n\n<div class=\"wp-block-group alignfull is-style-ext-preset--group--natural-1--section has-background-background-color has-background has-global-padding is-layout-constrained wp-container-core-group-is-layout-f72f1611 wp-block-group-is-layout-constrained\" id=\"galerie\" style=\"margin-top:0;margin-bottom:0;padding-top:var(--wp--preset--spacing--70);padding-bottom:var(--wp--preset--spacing--70)\">\n<div class=\"wp-block-group alignwide is-vertical is-layout-flex wp-container-core-group-is-layout-c35747d5 wp-block-group-is-layout-flex\">\n<div class=\"wp-block-group has-global-padding is-layout-constrained wp-container-core-group-is-layout-5e05634a wp-block-group-is-layout-constrained\">\n<h2 class=\"wp-block-heading\">IT-Systemberatung mit \u00fcber 35 Jahren Erfahrung<\/h2>\n\n\n\n<p class=\"has-text-align-left\">Entdecken Sie hier erfolgreiche Projekte, die unsere ma\u00dfgeschneiderten IT-L\u00f6sungen eindrucksvoll pr\u00e4sentieren.<\/p>\n<\/div>\n<\/div>\n\n\n\n<div class=\"wp-block-columns alignwide are-vertically-aligned-top is-layout-flex wp-container-core-columns-is-layout-87beb0d0 wp-block-columns-is-layout-flex\">\n<div class=\"wp-block-column is-vertically-aligned-top is-layout-flow wp-container-core-column-is-layout-f5bb311e wp-block-column-is-layout-flow\">\n<figure class=\"wp-block-image is-style-ext-preset--image--natural-1--image-1--content-top is-style-ext-preset--image--natural-1--image-1--content-top--10\"><img loading=\"lazy\" decoding=\"async\" width=\"1440\" height=\"960\" class=\"wp-image-59\" src=\"https:\/\/edv-simon.de\/wp-content\/uploads\/2026\/01\/af92e8351944432cad5bde63b8854344cfd1e376.jpg\" alt=\"\" style=\"aspect-ratio:1;object-fit:cover\" srcset=\"https:\/\/edv-simon.de\/wp-content\/uploads\/2026\/01\/af92e8351944432cad5bde63b8854344cfd1e376.jpg 1440w, https:\/\/edv-simon.de\/wp-content\/uploads\/2026\/01\/af92e8351944432cad5bde63b8854344cfd1e376-300x200.jpg 300w, https:\/\/edv-simon.de\/wp-content\/uploads\/2026\/01\/af92e8351944432cad5bde63b8854344cfd1e376-1024x683.jpg 1024w, https:\/\/edv-simon.de\/wp-content\/uploads\/2026\/01\/af92e8351944432cad5bde63b8854344cfd1e376-768x512.jpg 768w, https:\/\/edv-simon.de\/wp-content\/uploads\/2026\/01\/af92e8351944432cad5bde63b8854344cfd1e376-18x12.jpg 18w\" sizes=\"auto, (max-width: 1440px) 100vw, 1440px\" \/><\/figure>\n\n\n\n<figure class=\"wp-block-image is-style-ext-preset--image--natural-1--image-1--content-top is-style-ext-preset--image--natural-1--image-1--content-top--11\"><img loading=\"lazy\" decoding=\"async\" width=\"1440\" height=\"960\" class=\"wp-image-69\" src=\"https:\/\/edv-simon.de\/wp-content\/uploads\/2026\/01\/90f1edaa55d324e3b5be3ced82e0837ebc1fb018.jpg\" alt=\"\" style=\"aspect-ratio:1;object-fit:cover\" srcset=\"https:\/\/edv-simon.de\/wp-content\/uploads\/2026\/01\/90f1edaa55d324e3b5be3ced82e0837ebc1fb018.jpg 1440w, https:\/\/edv-simon.de\/wp-content\/uploads\/2026\/01\/90f1edaa55d324e3b5be3ced82e0837ebc1fb018-300x200.jpg 300w, https:\/\/edv-simon.de\/wp-content\/uploads\/2026\/01\/90f1edaa55d324e3b5be3ced82e0837ebc1fb018-1024x683.jpg 1024w, https:\/\/edv-simon.de\/wp-content\/uploads\/2026\/01\/90f1edaa55d324e3b5be3ced82e0837ebc1fb018-768x512.jpg 768w, https:\/\/edv-simon.de\/wp-content\/uploads\/2026\/01\/90f1edaa55d324e3b5be3ced82e0837ebc1fb018-18x12.jpg 18w\" sizes=\"auto, (max-width: 1440px) 100vw, 1440px\" \/><\/figure>\n<\/div>\n\n\n\n<div class=\"wp-block-column is-vertically-aligned-top is-layout-flow wp-container-core-column-is-layout-f5bb311e wp-block-column-is-layout-flow\">\n<figure class=\"wp-block-image is-style-ext-preset--image--natural-1--image-1--content-top is-style-ext-preset--image--natural-1--image-1--content-top--12\"><img loading=\"lazy\" decoding=\"async\" width=\"1440\" height=\"1080\" class=\"wp-image-70\" src=\"https:\/\/edv-simon.de\/wp-content\/uploads\/2026\/01\/e9ca9c4fdb1dd74da8d9623646f16d0e4ce376f8.jpg\" alt=\"\" style=\"aspect-ratio:1;object-fit:cover\" srcset=\"https:\/\/edv-simon.de\/wp-content\/uploads\/2026\/01\/e9ca9c4fdb1dd74da8d9623646f16d0e4ce376f8.jpg 1440w, https:\/\/edv-simon.de\/wp-content\/uploads\/2026\/01\/e9ca9c4fdb1dd74da8d9623646f16d0e4ce376f8-300x225.jpg 300w, https:\/\/edv-simon.de\/wp-content\/uploads\/2026\/01\/e9ca9c4fdb1dd74da8d9623646f16d0e4ce376f8-1024x768.jpg 1024w, https:\/\/edv-simon.de\/wp-content\/uploads\/2026\/01\/e9ca9c4fdb1dd74da8d9623646f16d0e4ce376f8-768x576.jpg 768w, https:\/\/edv-simon.de\/wp-content\/uploads\/2026\/01\/e9ca9c4fdb1dd74da8d9623646f16d0e4ce376f8-16x12.jpg 16w\" sizes=\"auto, (max-width: 1440px) 100vw, 1440px\" \/><\/figure>\n\n\n\n<figure class=\"wp-block-image is-style-ext-preset--image--natural-1--image-1--content-top is-style-ext-preset--image--natural-1--image-1--content-top--13\"><img loading=\"lazy\" decoding=\"async\" width=\"1440\" height=\"960\" class=\"wp-image-61\" src=\"https:\/\/edv-simon.de\/wp-content\/uploads\/2026\/01\/4aed933de7fbb1012cad17c74a782fbcf1f391d7.jpg\" alt=\"\" style=\"aspect-ratio:1;object-fit:cover\" srcset=\"https:\/\/edv-simon.de\/wp-content\/uploads\/2026\/01\/4aed933de7fbb1012cad17c74a782fbcf1f391d7.jpg 1440w, https:\/\/edv-simon.de\/wp-content\/uploads\/2026\/01\/4aed933de7fbb1012cad17c74a782fbcf1f391d7-300x200.jpg 300w, https:\/\/edv-simon.de\/wp-content\/uploads\/2026\/01\/4aed933de7fbb1012cad17c74a782fbcf1f391d7-1024x683.jpg 1024w, https:\/\/edv-simon.de\/wp-content\/uploads\/2026\/01\/4aed933de7fbb1012cad17c74a782fbcf1f391d7-768x512.jpg 768w, https:\/\/edv-simon.de\/wp-content\/uploads\/2026\/01\/4aed933de7fbb1012cad17c74a782fbcf1f391d7-18x12.jpg 18w\" sizes=\"auto, (max-width: 1440px) 100vw, 1440px\" \/><\/figure>\n<\/div>\n\n\n\n<div class=\"wp-block-column is-vertically-aligned-top is-layout-flow wp-container-core-column-is-layout-f5bb311e wp-block-column-is-layout-flow\">\n<figure class=\"wp-block-image is-style-ext-preset--image--natural-1--image-1--content-top is-style-ext-preset--image--natural-1--image-1--content-top--14\"><img loading=\"lazy\" decoding=\"async\" width=\"1440\" height=\"961\" class=\"wp-image-71\" src=\"https:\/\/edv-simon.de\/wp-content\/uploads\/2026\/01\/b046c43d5c8c6545606ad8b23a8e17f1fb80dc5d.jpg\" alt=\"\" style=\"aspect-ratio:1;object-fit:cover\" srcset=\"https:\/\/edv-simon.de\/wp-content\/uploads\/2026\/01\/b046c43d5c8c6545606ad8b23a8e17f1fb80dc5d.jpg 1440w, https:\/\/edv-simon.de\/wp-content\/uploads\/2026\/01\/b046c43d5c8c6545606ad8b23a8e17f1fb80dc5d-300x200.jpg 300w, https:\/\/edv-simon.de\/wp-content\/uploads\/2026\/01\/b046c43d5c8c6545606ad8b23a8e17f1fb80dc5d-1024x683.jpg 1024w, https:\/\/edv-simon.de\/wp-content\/uploads\/2026\/01\/b046c43d5c8c6545606ad8b23a8e17f1fb80dc5d-768x513.jpg 768w, https:\/\/edv-simon.de\/wp-content\/uploads\/2026\/01\/b046c43d5c8c6545606ad8b23a8e17f1fb80dc5d-18x12.jpg 18w\" sizes=\"auto, (max-width: 1440px) 100vw, 1440px\" \/><\/figure>\n\n\n\n<figure class=\"wp-block-image is-style-ext-preset--image--natural-1--image-1--content-top is-style-ext-preset--image--natural-1--image-1--content-top--15\"><img loading=\"lazy\" decoding=\"async\" width=\"1440\" height=\"961\" class=\"wp-image-73\" src=\"https:\/\/edv-simon.de\/wp-content\/uploads\/2026\/01\/f1e2892ab67a8995c0a7e6b1aadc8ef9f2a62ab1.jpg\" alt=\"\" style=\"aspect-ratio:1;object-fit:cover\" srcset=\"https:\/\/edv-simon.de\/wp-content\/uploads\/2026\/01\/f1e2892ab67a8995c0a7e6b1aadc8ef9f2a62ab1.jpg 1440w, https:\/\/edv-simon.de\/wp-content\/uploads\/2026\/01\/f1e2892ab67a8995c0a7e6b1aadc8ef9f2a62ab1-300x200.jpg 300w, https:\/\/edv-simon.de\/wp-content\/uploads\/2026\/01\/f1e2892ab67a8995c0a7e6b1aadc8ef9f2a62ab1-1024x683.jpg 1024w, https:\/\/edv-simon.de\/wp-content\/uploads\/2026\/01\/f1e2892ab67a8995c0a7e6b1aadc8ef9f2a62ab1-768x513.jpg 768w, https:\/\/edv-simon.de\/wp-content\/uploads\/2026\/01\/f1e2892ab67a8995c0a7e6b1aadc8ef9f2a62ab1-18x12.jpg 18w\" sizes=\"auto, (max-width: 1440px) 100vw, 1440px\" \/><\/figure>\n<\/div>\n\n\n\n<div class=\"wp-block-column is-vertically-aligned-top is-layout-flow wp-container-core-column-is-layout-f5bb311e wp-block-column-is-layout-flow\">\n<figure class=\"wp-block-image is-style-ext-preset--image--natural-1--image-1--content-top is-style-ext-preset--image--natural-1--image-1--content-top--16\"><img loading=\"lazy\" decoding=\"async\" width=\"1440\" height=\"961\" class=\"wp-image-74\" src=\"https:\/\/edv-simon.de\/wp-content\/uploads\/2026\/01\/31445ea315ec054df06b2bd381fdd4e0b0b436b7.jpg\" alt=\"\" style=\"aspect-ratio:1;object-fit:cover\" srcset=\"https:\/\/edv-simon.de\/wp-content\/uploads\/2026\/01\/31445ea315ec054df06b2bd381fdd4e0b0b436b7.jpg 1440w, https:\/\/edv-simon.de\/wp-content\/uploads\/2026\/01\/31445ea315ec054df06b2bd381fdd4e0b0b436b7-300x200.jpg 300w, https:\/\/edv-simon.de\/wp-content\/uploads\/2026\/01\/31445ea315ec054df06b2bd381fdd4e0b0b436b7-1024x683.jpg 1024w, https:\/\/edv-simon.de\/wp-content\/uploads\/2026\/01\/31445ea315ec054df06b2bd381fdd4e0b0b436b7-768x513.jpg 768w, https:\/\/edv-simon.de\/wp-content\/uploads\/2026\/01\/31445ea315ec054df06b2bd381fdd4e0b0b436b7-18x12.jpg 18w\" sizes=\"auto, (max-width: 1440px) 100vw, 1440px\" \/><\/figure>\n\n\n\n<figure class=\"wp-block-image is-style-ext-preset--image--natural-1--image-1--content-top is-style-ext-preset--image--natural-1--image-1--content-top--17\"><img loading=\"lazy\" decoding=\"async\" width=\"1440\" height=\"961\" class=\"wp-image-75\" src=\"https:\/\/edv-simon.de\/wp-content\/uploads\/2026\/01\/1e70dc3aac047909f5f744b551c7123dc58d591d.jpg\" alt=\"\" style=\"aspect-ratio:1;object-fit:cover\" srcset=\"https:\/\/edv-simon.de\/wp-content\/uploads\/2026\/01\/1e70dc3aac047909f5f744b551c7123dc58d591d.jpg 1440w, https:\/\/edv-simon.de\/wp-content\/uploads\/2026\/01\/1e70dc3aac047909f5f744b551c7123dc58d591d-300x200.jpg 300w, https:\/\/edv-simon.de\/wp-content\/uploads\/2026\/01\/1e70dc3aac047909f5f744b551c7123dc58d591d-1024x683.jpg 1024w, https:\/\/edv-simon.de\/wp-content\/uploads\/2026\/01\/1e70dc3aac047909f5f744b551c7123dc58d591d-768x513.jpg 768w, https:\/\/edv-simon.de\/wp-content\/uploads\/2026\/01\/1e70dc3aac047909f5f744b551c7123dc58d591d-18x12.jpg 18w\" sizes=\"auto, (max-width: 1440px) 100vw, 1440px\" \/><\/figure>\n<\/div>\n<\/div>\n<\/div>","protected":false},"excerpt":{"rendered":"<p>Ma\u00dfgeschneiderte IT-Beratung von EDV-SIMON EDV-SIMON steht f\u00fcr verl\u00e4ssliche IT-Systemberatung, die Effizienz und Sicherheit in Unternehmen f\u00f6rdert. Mit \u00fcber 35 Jahren Erfahrung unterst\u00fctzen wir Ihre digitale Transformation und helfen, IT-Prozesse nachhaltig zu optimieren. Vertrauen Sie auf \u00fcber 35 Jahre IT-Erfahrung EDV-SIMON bietet individuelle IT-L\u00f6sungen, h\u00f6chste Zuverl\u00e4ssigkeit und umfassende Expertise f\u00fcr Ihr Unternehmen. IT-Beratung Ma\u00dfgeschneiderte Strategien f\u00fcr [&hellip;]<\/p>\n","protected":false},"author":2,"featured_media":0,"parent":0,"menu_order":0,"comment_status":"closed","ping_status":"closed","template":"page-with-title","meta":{"om_disable_all_campaigns":false,"_monsterinsights_skip_tracking":false,"_monsterinsights_sitenote_active":false,"_monsterinsights_sitenote_note":"","_monsterinsights_sitenote_category":0,"_uf_show_specific_survey":0,"_uf_disable_surveys":false,"footnotes":""},"class_list":["post-29","page","type-page","status-publish","hentry"],"aioseo_notices":[],"_links":{"self":[{"href":"https:\/\/edv-simon.de\/en\/wp-json\/wp\/v2\/pages\/29","targetHints":{"allow":["GET"]}}],"collection":[{"href":"https:\/\/edv-simon.de\/en\/wp-json\/wp\/v2\/pages"}],"about":[{"href":"https:\/\/edv-simon.de\/en\/wp-json\/wp\/v2\/types\/page"}],"author":[{"embeddable":true,"href":"https:\/\/edv-simon.de\/en\/wp-json\/wp\/v2\/users\/2"}],"replies":[{"embeddable":true,"href":"https:\/\/edv-simon.de\/en\/wp-json\/wp\/v2\/comments?post=29"}],"version-history":[{"count":1,"href":"https:\/\/edv-simon.de\/en\/wp-json\/wp\/v2\/pages\/29\/revisions"}],"predecessor-version":[{"id":76,"href":"https:\/\/edv-simon.de\/en\/wp-json\/wp\/v2\/pages\/29\/revisions\/76"}],"wp:attachment":[{"href":"https:\/\/edv-simon.de\/en\/wp-json\/wp\/v2\/media?parent=29"}],"curies":[{"name":"wp","href":"https:\/\/api.w.org\/{rel}","templated":true}]}}